{"id":1970721,"date":"2026-01-15T18:46:59","date_gmt":"2026-01-15T23:46:59","guid":{"rendered":"https:\/\/cerlalc.org\/ecossistema-editorial\/"},"modified":"2026-01-15T18:46:59","modified_gmt":"2026-01-15T23:46:59","slug":"ecossistema-editorial","status":"publish","type":"page","link":"https:\/\/cerlalc.org\/pt-br\/ecossistema-editorial\/","title":{"rendered":"Ecossistema editorial"},"content":{"rendered":"\n<p>Diagn\u00f3stico, an\u00e1lise e assist\u00eancia t\u00e9cnica<\/p>\n","protected":false},"excerpt":{"rendered":"<p>Diagn\u00f3stico, an\u00e1lise e assist\u00eancia t\u00e9cnica<\/p>\n","protected":false},"author":114,"featured_media":1969835,"parent":0,"menu_order":0,"comment_status":"closed","ping_status":"closed","template":"templates\/page-programa-eco.php","meta":{"_seopress_robots_primary_cat":""},"areas":[],"countries":[],"programas":[],"coauthors":[3730],"_links":{"self":[{"href":"https:\/\/cerlalc.org\/pt-br\/wp-json\/wp\/v2\/pages\/1970721"}],"collection":[{"href":"https:\/\/cerlalc.org\/pt-br\/wp-json\/wp\/v2\/pages"}],"about":[{"href":"https:\/\/cerlalc.org\/pt-br\/wp-json\/wp\/v2\/types\/page"}],"author":[{"embeddable":true,"href":"https:\/\/cerlalc.org\/pt-br\/wp-json\/wp\/v2\/users\/114"}],"replies":[{"embeddable":true,"href":"https:\/\/cerlalc.org\/pt-br\/wp-json\/wp\/v2\/comments?post=1970721"}],"version-history":[{"count":0,"href":"https:\/\/cerlalc.org\/pt-br\/wp-json\/wp\/v2\/pages\/1970721\/revisions"}],"wp:featuredmedia":[{"embeddable":true,"href":"https:\/\/cerlalc.org\/pt-br\/wp-json\/wp\/v2\/media\/1969835"}],"wp:attachment":[{"href":"https:\/\/cerlalc.org\/pt-br\/wp-json\/wp\/v2\/media?parent=1970721"}],"wp:term":[{"taxonomy":"areas","embeddable":true,"href":"https:\/\/cerlalc.org\/pt-br\/wp-json\/wp\/v2\/areas?post=1970721"},{"taxonomy":"countries","embeddable":true,"href":"https:\/\/cerlalc.org\/pt-br\/wp-json\/wp\/v2\/countries?post=1970721"},{"taxonomy":"programas","embeddable":true,"href":"https:\/\/cerlalc.org\/pt-br\/wp-json\/wp\/v2\/programas?post=1970721"},{"taxonomy":"author","embeddable":true,"href":"https:\/\/cerlalc.org\/pt-br\/wp-json\/wp\/v2\/coauthors?post=1970721"}],"curies":[{"name":"wp","href":"https:\/\/api.w.org\/{rel}","templated":true}]}}