{"id":1970723,"date":"2026-01-15T19:14:28","date_gmt":"2026-01-16T00:14:28","guid":{"rendered":"https:\/\/cerlalc.org\/calculadora-de-dominio-publico\/"},"modified":"2026-01-24T13:01:04","modified_gmt":"2026-01-24T18:01:04","slug":"calculadora-de-dominio-publico","status":"publish","type":"page","link":"https:\/\/cerlalc.org\/pt-br\/calculadora-de-dominio-publico\/","title":{"rendered":"Calculadora de Dom\u00ednio P\u00fablico"},"content":{"rendered":"\n<h3>Consulte facilmente a validade dos direitos autorais e determine quando uma obra entra em dom\u00ednio p\u00fablico<\/h3>\n\n<p>Dom\u00ednio p\u00fablico \u00e9 o status legal de uma obra quando ela deixa de ser protegida por direitos autorais, permitindo seu uso gratuito por qualquer pessoa sem permiss\u00e3o ou pagamento. Isso ocorre quando o prazo de prote\u00e7\u00e3o expira, o que varia de acordo com a legisla\u00e7\u00e3o de cada pa\u00eds, geralmente ap\u00f3s um certo n\u00famero de anos ap\u00f3s a morte do autor. O dom\u00ednio p\u00fablico facilita o acesso ao conhecimento, \u00e0 cultura e \u00e0 criatividade.<\/p>\n","protected":false},"excerpt":{"rendered":"<p>Consulte facilmente a validade dos direitos autorais e determine quando uma obra entra em dom\u00ednio p\u00fablico Dom\u00ednio p\u00fablico \u00e9 o status legal de uma obra quando ela deixa de ser protegida por direitos autorais, permitindo seu uso gratuito por qualquer pessoa sem permiss\u00e3o ou pagamento. Isso ocorre quando o prazo de prote\u00e7\u00e3o expira, o que [&hellip;]<\/p>\n","protected":false},"author":114,"featured_media":0,"parent":0,"menu_order":0,"comment_status":"closed","ping_status":"closed","template":"templates\/page-calculadora.php","meta":{"_seopress_robots_primary_cat":""},"areas":[],"countries":[],"programas":[],"coauthors":[3730],"_links":{"self":[{"href":"https:\/\/cerlalc.org\/pt-br\/wp-json\/wp\/v2\/pages\/1970723"}],"collection":[{"href":"https:\/\/cerlalc.org\/pt-br\/wp-json\/wp\/v2\/pages"}],"about":[{"href":"https:\/\/cerlalc.org\/pt-br\/wp-json\/wp\/v2\/types\/page"}],"author":[{"embeddable":true,"href":"https:\/\/cerlalc.org\/pt-br\/wp-json\/wp\/v2\/users\/114"}],"replies":[{"embeddable":true,"href":"https:\/\/cerlalc.org\/pt-br\/wp-json\/wp\/v2\/comments?post=1970723"}],"version-history":[{"count":2,"href":"https:\/\/cerlalc.org\/pt-br\/wp-json\/wp\/v2\/pages\/1970723\/revisions"}],"predecessor-version":[{"id":1970815,"href":"https:\/\/cerlalc.org\/pt-br\/wp-json\/wp\/v2\/pages\/1970723\/revisions\/1970815"}],"wp:attachment":[{"href":"https:\/\/cerlalc.org\/pt-br\/wp-json\/wp\/v2\/media?parent=1970723"}],"wp:term":[{"taxonomy":"areas","embeddable":true,"href":"https:\/\/cerlalc.org\/pt-br\/wp-json\/wp\/v2\/areas?post=1970723"},{"taxonomy":"countries","embeddable":true,"href":"https:\/\/cerlalc.org\/pt-br\/wp-json\/wp\/v2\/countries?post=1970723"},{"taxonomy":"programas","embeddable":true,"href":"https:\/\/cerlalc.org\/pt-br\/wp-json\/wp\/v2\/programas?post=1970723"},{"taxonomy":"author","embeddable":true,"href":"https:\/\/cerlalc.org\/pt-br\/wp-json\/wp\/v2\/coauthors?post=1970723"}],"curies":[{"name":"wp","href":"https:\/\/api.w.org\/{rel}","templated":true}]}}