{"id":1970724,"date":"2026-01-15T19:18:44","date_gmt":"2026-01-16T00:18:44","guid":{"rendered":"https:\/\/cerlalc.org\/opi\/"},"modified":"2026-01-23T16:09:26","modified_gmt":"2026-01-23T21:09:26","slug":"opi","status":"publish","type":"page","link":"https:\/\/cerlalc.org\/pt-br\/opi\/","title":{"rendered":"OPI"},"content":{"rendered":"\n<p><strong>Observat\u00f3rio Ibero-americano de Cultura e Educa\u00e7\u00e3o para a Primeira Inf\u00e2ncia<\/strong><\/p>\n","protected":false},"excerpt":{"rendered":"<p>Observat\u00f3rio Ibero-americano de Cultura e Educa\u00e7\u00e3o para a Primeira Inf\u00e2ncia<\/p>\n","protected":false},"author":114,"featured_media":1969793,"parent":0,"menu_order":0,"comment_status":"closed","ping_status":"closed","template":"templates\/page-opi.php","meta":{"_seopress_robots_primary_cat":""},"areas":[],"countries":[],"programas":[],"coauthors":[3730],"_links":{"self":[{"href":"https:\/\/cerlalc.org\/pt-br\/wp-json\/wp\/v2\/pages\/1970724"}],"collection":[{"href":"https:\/\/cerlalc.org\/pt-br\/wp-json\/wp\/v2\/pages"}],"about":[{"href":"https:\/\/cerlalc.org\/pt-br\/wp-json\/wp\/v2\/types\/page"}],"author":[{"embeddable":true,"href":"https:\/\/cerlalc.org\/pt-br\/wp-json\/wp\/v2\/users\/114"}],"replies":[{"embeddable":true,"href":"https:\/\/cerlalc.org\/pt-br\/wp-json\/wp\/v2\/comments?post=1970724"}],"version-history":[{"count":2,"href":"https:\/\/cerlalc.org\/pt-br\/wp-json\/wp\/v2\/pages\/1970724\/revisions"}],"predecessor-version":[{"id":1970806,"href":"https:\/\/cerlalc.org\/pt-br\/wp-json\/wp\/v2\/pages\/1970724\/revisions\/1970806"}],"wp:featuredmedia":[{"embeddable":true,"href":"https:\/\/cerlalc.org\/pt-br\/wp-json\/wp\/v2\/media\/1969793"}],"wp:attachment":[{"href":"https:\/\/cerlalc.org\/pt-br\/wp-json\/wp\/v2\/media?parent=1970724"}],"wp:term":[{"taxonomy":"areas","embeddable":true,"href":"https:\/\/cerlalc.org\/pt-br\/wp-json\/wp\/v2\/areas?post=1970724"},{"taxonomy":"countries","embeddable":true,"href":"https:\/\/cerlalc.org\/pt-br\/wp-json\/wp\/v2\/countries?post=1970724"},{"taxonomy":"programas","embeddable":true,"href":"https:\/\/cerlalc.org\/pt-br\/wp-json\/wp\/v2\/programas?post=1970724"},{"taxonomy":"author","embeddable":true,"href":"https:\/\/cerlalc.org\/pt-br\/wp-json\/wp\/v2\/coauthors?post=1970724"}],"curies":[{"name":"wp","href":"https:\/\/api.w.org\/{rel}","templated":true}]}}