{"id":1970728,"date":"2026-01-15T19:50:36","date_gmt":"2026-01-16T00:50:36","guid":{"rendered":"https:\/\/cerlalc.org\/publicacoes\/"},"modified":"2026-01-15T19:50:36","modified_gmt":"2026-01-16T00:50:36","slug":"publicacoes","status":"publish","type":"page","link":"https:\/\/cerlalc.org\/pt-br\/publicacoes\/","title":{"rendered":"Publica\u00e7\u00f5es"},"content":{"rendered":"\n<p><strong>Aceda \u00e0 nossa cole\u00e7\u00e3o de recursos especializados na promo\u00e7\u00e3o da leitura, do livro e do desenvolvimento cultural na Ibero-Am\u00e9rica.<\/strong><\/p>\n","protected":false},"excerpt":{"rendered":"<p>Aceda \u00e0 nossa cole\u00e7\u00e3o de recursos especializados na promo\u00e7\u00e3o da leitura, do livro e do desenvolvimento cultural na Ibero-Am\u00e9rica.<\/p>\n","protected":false},"author":114,"featured_media":1969820,"parent":0,"menu_order":0,"comment_status":"closed","ping_status":"closed","template":"templates\/page-publicaciones.php","meta":{"_seopress_robots_primary_cat":""},"areas":[],"countries":[],"programas":[],"coauthors":[3730],"_links":{"self":[{"href":"https:\/\/cerlalc.org\/pt-br\/wp-json\/wp\/v2\/pages\/1970728"}],"collection":[{"href":"https:\/\/cerlalc.org\/pt-br\/wp-json\/wp\/v2\/pages"}],"about":[{"href":"https:\/\/cerlalc.org\/pt-br\/wp-json\/wp\/v2\/types\/page"}],"author":[{"embeddable":true,"href":"https:\/\/cerlalc.org\/pt-br\/wp-json\/wp\/v2\/users\/114"}],"replies":[{"embeddable":true,"href":"https:\/\/cerlalc.org\/pt-br\/wp-json\/wp\/v2\/comments?post=1970728"}],"version-history":[{"count":0,"href":"https:\/\/cerlalc.org\/pt-br\/wp-json\/wp\/v2\/pages\/1970728\/revisions"}],"wp:featuredmedia":[{"embeddable":true,"href":"https:\/\/cerlalc.org\/pt-br\/wp-json\/wp\/v2\/media\/1969820"}],"wp:attachment":[{"href":"https:\/\/cerlalc.org\/pt-br\/wp-json\/wp\/v2\/media?parent=1970728"}],"wp:term":[{"taxonomy":"areas","embeddable":true,"href":"https:\/\/cerlalc.org\/pt-br\/wp-json\/wp\/v2\/areas?post=1970728"},{"taxonomy":"countries","embeddable":true,"href":"https:\/\/cerlalc.org\/pt-br\/wp-json\/wp\/v2\/countries?post=1970728"},{"taxonomy":"programas","embeddable":true,"href":"https:\/\/cerlalc.org\/pt-br\/wp-json\/wp\/v2\/programas?post=1970728"},{"taxonomy":"author","embeddable":true,"href":"https:\/\/cerlalc.org\/pt-br\/wp-json\/wp\/v2\/coauthors?post=1970728"}],"curies":[{"name":"wp","href":"https:\/\/api.w.org\/{rel}","templated":true}]}}