{"id":1970729,"date":"2026-01-15T19:53:08","date_gmt":"2026-01-16T00:53:08","guid":{"rendered":"https:\/\/cerlalc.org\/contato-2\/"},"modified":"2026-01-24T12:15:02","modified_gmt":"2026-01-24T17:15:02","slug":"contato-2","status":"publish","type":"page","link":"https:\/\/cerlalc.org\/pt-br\/contato-2\/","title":{"rendered":"Entre em contato"},"content":{"rendered":"\n<h3>Estamos \u00e0 disposi\u00e7\u00e3o para responder \u00e0s suas perguntas e fornecer qualquer informa\u00e7\u00e3o que voc\u00ea precisar. Envie sua mensagem e responderemos o mais breve poss\u00edvel.<\/h3>\n","protected":false},"excerpt":{"rendered":"<p>Estamos \u00e0 disposi\u00e7\u00e3o para responder \u00e0s suas perguntas e fornecer qualquer informa\u00e7\u00e3o que voc\u00ea precisar. Envie sua mensagem e responderemos o mais breve poss\u00edvel.<\/p>\n","protected":false},"author":114,"featured_media":0,"parent":0,"menu_order":0,"comment_status":"closed","ping_status":"closed","template":"templates\/page-contacto.php","meta":{"_seopress_robots_primary_cat":""},"areas":[],"countries":[],"programas":[],"coauthors":[3730],"_links":{"self":[{"href":"https:\/\/cerlalc.org\/pt-br\/wp-json\/wp\/v2\/pages\/1970729"}],"collection":[{"href":"https:\/\/cerlalc.org\/pt-br\/wp-json\/wp\/v2\/pages"}],"about":[{"href":"https:\/\/cerlalc.org\/pt-br\/wp-json\/wp\/v2\/types\/page"}],"author":[{"embeddable":true,"href":"https:\/\/cerlalc.org\/pt-br\/wp-json\/wp\/v2\/users\/114"}],"replies":[{"embeddable":true,"href":"https:\/\/cerlalc.org\/pt-br\/wp-json\/wp\/v2\/comments?post=1970729"}],"version-history":[{"count":2,"href":"https:\/\/cerlalc.org\/pt-br\/wp-json\/wp\/v2\/pages\/1970729\/revisions"}],"predecessor-version":[{"id":1970811,"href":"https:\/\/cerlalc.org\/pt-br\/wp-json\/wp\/v2\/pages\/1970729\/revisions\/1970811"}],"wp:attachment":[{"href":"https:\/\/cerlalc.org\/pt-br\/wp-json\/wp\/v2\/media?parent=1970729"}],"wp:term":[{"taxonomy":"areas","embeddable":true,"href":"https:\/\/cerlalc.org\/pt-br\/wp-json\/wp\/v2\/areas?post=1970729"},{"taxonomy":"countries","embeddable":true,"href":"https:\/\/cerlalc.org\/pt-br\/wp-json\/wp\/v2\/countries?post=1970729"},{"taxonomy":"programas","embeddable":true,"href":"https:\/\/cerlalc.org\/pt-br\/wp-json\/wp\/v2\/programas?post=1970729"},{"taxonomy":"author","embeddable":true,"href":"https:\/\/cerlalc.org\/pt-br\/wp-json\/wp\/v2\/coauthors?post=1970729"}],"curies":[{"name":"wp","href":"https:\/\/api.w.org\/{rel}","templated":true}]}}