{"id":1970731,"date":"2026-01-15T19:59:48","date_gmt":"2026-01-16T00:59:48","guid":{"rendered":"https:\/\/cerlalc.org\/diretorios\/"},"modified":"2026-01-15T20:02:14","modified_gmt":"2026-01-16T01:02:14","slug":"diretorios","status":"publish","type":"page","link":"https:\/\/cerlalc.org\/pt-br\/diretorios\/","title":{"rendered":"Diret\u00f3rios"},"content":{"rendered":"\n<h3 class=\"has-text-align-center\">Contatos para organiza\u00e7\u00f5es, entidades e institui\u00e7\u00f5es relacionadas com livros e leitura<\/h3>\n\n\n\n<p class=\"has-text-align-center\">Diret\u00f3rio de ag\u00eancias governamentais, associa\u00e7\u00f5es da sociedade civil, institui\u00e7\u00f5es culturais, editoras e outras entidades.<\/p>\n","protected":false},"excerpt":{"rendered":"<p>Contatos para organiza\u00e7\u00f5es, entidades e institui\u00e7\u00f5es relacionadas com livros e leitura Diret\u00f3rio de ag\u00eancias governamentais, associa\u00e7\u00f5es da sociedade civil, institui\u00e7\u00f5es culturais, editoras e outras entidades.<\/p>\n","protected":false},"author":114,"featured_media":0,"parent":0,"menu_order":0,"comment_status":"closed","ping_status":"closed","template":"templates\/page-directorios.php","meta":{"_seopress_robots_primary_cat":""},"areas":[],"countries":[],"programas":[],"coauthors":[3730],"_links":{"self":[{"href":"https:\/\/cerlalc.org\/pt-br\/wp-json\/wp\/v2\/pages\/1970731"}],"collection":[{"href":"https:\/\/cerlalc.org\/pt-br\/wp-json\/wp\/v2\/pages"}],"about":[{"href":"https:\/\/cerlalc.org\/pt-br\/wp-json\/wp\/v2\/types\/page"}],"author":[{"embeddable":true,"href":"https:\/\/cerlalc.org\/pt-br\/wp-json\/wp\/v2\/users\/114"}],"replies":[{"embeddable":true,"href":"https:\/\/cerlalc.org\/pt-br\/wp-json\/wp\/v2\/comments?post=1970731"}],"version-history":[{"count":1,"href":"https:\/\/cerlalc.org\/pt-br\/wp-json\/wp\/v2\/pages\/1970731\/revisions"}],"predecessor-version":[{"id":1970733,"href":"https:\/\/cerlalc.org\/pt-br\/wp-json\/wp\/v2\/pages\/1970731\/revisions\/1970733"}],"wp:attachment":[{"href":"https:\/\/cerlalc.org\/pt-br\/wp-json\/wp\/v2\/media?parent=1970731"}],"wp:term":[{"taxonomy":"areas","embeddable":true,"href":"https:\/\/cerlalc.org\/pt-br\/wp-json\/wp\/v2\/areas?post=1970731"},{"taxonomy":"countries","embeddable":true,"href":"https:\/\/cerlalc.org\/pt-br\/wp-json\/wp\/v2\/countries?post=1970731"},{"taxonomy":"programas","embeddable":true,"href":"https:\/\/cerlalc.org\/pt-br\/wp-json\/wp\/v2\/programas?post=1970731"},{"taxonomy":"author","embeddable":true,"href":"https:\/\/cerlalc.org\/pt-br\/wp-json\/wp\/v2\/coauthors?post=1970731"}],"curies":[{"name":"wp","href":"https:\/\/api.w.org\/{rel}","templated":true}]}}