{"id":1970732,"date":"2026-01-15T20:01:44","date_gmt":"2026-01-16T01:01:44","guid":{"rendered":"https:\/\/cerlalc.org\/regulamentos\/"},"modified":"2026-01-15T20:01:44","modified_gmt":"2026-01-16T01:01:44","slug":"regulamentos","status":"publish","type":"page","link":"https:\/\/cerlalc.org\/pt-br\/regulamentos\/","title":{"rendered":"Regulamentos"},"content":{"rendered":"\n<h3>Leis, decretos, resolu\u00e7\u00f5es e outros documentos legais dos pa\u00edses membros<\/h3>\n\n\n\n<p>Marcos regulat\u00f3rios, leis, decretos, resolu\u00e7\u00f5es e outros documentos legais relacionados ao ecossistema do livro, leitura, primeira inf\u00e2ncia e direitos autorais.<\/p>\n","protected":false},"excerpt":{"rendered":"<p>Leis, decretos, resolu\u00e7\u00f5es e outros documentos legais dos pa\u00edses membros Marcos regulat\u00f3rios, leis, decretos, resolu\u00e7\u00f5es e outros documentos legais relacionados ao ecossistema do livro, leitura, primeira inf\u00e2ncia e direitos autorais.<\/p>\n","protected":false},"author":114,"featured_media":0,"parent":0,"menu_order":0,"comment_status":"closed","ping_status":"closed","template":"templates\/page-normativas.php","meta":{"_seopress_robots_primary_cat":""},"areas":[],"countries":[],"programas":[],"coauthors":[3730],"_links":{"self":[{"href":"https:\/\/cerlalc.org\/pt-br\/wp-json\/wp\/v2\/pages\/1970732"}],"collection":[{"href":"https:\/\/cerlalc.org\/pt-br\/wp-json\/wp\/v2\/pages"}],"about":[{"href":"https:\/\/cerlalc.org\/pt-br\/wp-json\/wp\/v2\/types\/page"}],"author":[{"embeddable":true,"href":"https:\/\/cerlalc.org\/pt-br\/wp-json\/wp\/v2\/users\/114"}],"replies":[{"embeddable":true,"href":"https:\/\/cerlalc.org\/pt-br\/wp-json\/wp\/v2\/comments?post=1970732"}],"version-history":[{"count":0,"href":"https:\/\/cerlalc.org\/pt-br\/wp-json\/wp\/v2\/pages\/1970732\/revisions"}],"wp:attachment":[{"href":"https:\/\/cerlalc.org\/pt-br\/wp-json\/wp\/v2\/media?parent=1970732"}],"wp:term":[{"taxonomy":"areas","embeddable":true,"href":"https:\/\/cerlalc.org\/pt-br\/wp-json\/wp\/v2\/areas?post=1970732"},{"taxonomy":"countries","embeddable":true,"href":"https:\/\/cerlalc.org\/pt-br\/wp-json\/wp\/v2\/countries?post=1970732"},{"taxonomy":"programas","embeddable":true,"href":"https:\/\/cerlalc.org\/pt-br\/wp-json\/wp\/v2\/programas?post=1970732"},{"taxonomy":"author","embeddable":true,"href":"https:\/\/cerlalc.org\/pt-br\/wp-json\/wp\/v2\/coauthors?post=1970732"}],"curies":[{"name":"wp","href":"https:\/\/api.w.org\/{rel}","templated":true}]}}