{"id":1970734,"date":"2026-01-15T20:06:42","date_gmt":"2026-01-16T01:06:42","guid":{"rendered":"https:\/\/cerlalc.org\/direitos-de-autor\/"},"modified":"2026-01-28T12:43:12","modified_gmt":"2026-01-28T17:43:12","slug":"direitos-de-autor","status":"publish","type":"page","link":"https:\/\/cerlalc.org\/pt-br\/direitos-de-autor\/","title":{"rendered":"Direitos de autor"},"content":{"rendered":"\n<p><strong>Promo\u00e7\u00e3o da produ\u00e7\u00e3o cultural<\/strong><\/p>\n","protected":false},"excerpt":{"rendered":"<p>Promo\u00e7\u00e3o da produ\u00e7\u00e3o cultural<\/p>\n","protected":false},"author":114,"featured_media":1970080,"parent":0,"menu_order":0,"comment_status":"closed","ping_status":"closed","template":"","meta":{"_seopress_robots_primary_cat":""},"areas":[],"countries":[],"programas":[],"coauthors":[3730],"_links":{"self":[{"href":"https:\/\/cerlalc.org\/pt-br\/wp-json\/wp\/v2\/pages\/1970734"}],"collection":[{"href":"https:\/\/cerlalc.org\/pt-br\/wp-json\/wp\/v2\/pages"}],"about":[{"href":"https:\/\/cerlalc.org\/pt-br\/wp-json\/wp\/v2\/types\/page"}],"author":[{"embeddable":true,"href":"https:\/\/cerlalc.org\/pt-br\/wp-json\/wp\/v2\/users\/114"}],"replies":[{"embeddable":true,"href":"https:\/\/cerlalc.org\/pt-br\/wp-json\/wp\/v2\/comments?post=1970734"}],"version-history":[{"count":4,"href":"https:\/\/cerlalc.org\/pt-br\/wp-json\/wp\/v2\/pages\/1970734\/revisions"}],"predecessor-version":[{"id":1970885,"href":"https:\/\/cerlalc.org\/pt-br\/wp-json\/wp\/v2\/pages\/1970734\/revisions\/1970885"}],"wp:featuredmedia":[{"embeddable":true,"href":"https:\/\/cerlalc.org\/pt-br\/wp-json\/wp\/v2\/media\/1970080"}],"wp:attachment":[{"href":"https:\/\/cerlalc.org\/pt-br\/wp-json\/wp\/v2\/media?parent=1970734"}],"wp:term":[{"taxonomy":"areas","embeddable":true,"href":"https:\/\/cerlalc.org\/pt-br\/wp-json\/wp\/v2\/areas?post=1970734"},{"taxonomy":"countries","embeddable":true,"href":"https:\/\/cerlalc.org\/pt-br\/wp-json\/wp\/v2\/countries?post=1970734"},{"taxonomy":"programas","embeddable":true,"href":"https:\/\/cerlalc.org\/pt-br\/wp-json\/wp\/v2\/programas?post=1970734"},{"taxonomy":"author","embeddable":true,"href":"https:\/\/cerlalc.org\/pt-br\/wp-json\/wp\/v2\/coauthors?post=1970734"}],"curies":[{"name":"wp","href":"https:\/\/api.w.org\/{rel}","templated":true}]}}