{"id":8312,"date":"2019-02-28T00:52:22","date_gmt":"2019-02-28T00:52:22","guid":{"rendered":"https:\/\/cerlalc.org\/nossa-missao\/"},"modified":"2019-02-28T00:52:22","modified_gmt":"2019-02-28T00:52:22","slug":"nossa-missao","status":"publish","type":"page","link":"https:\/\/cerlalc.org\/pt-br\/o-que-fazemos\/nossa-missao\/","title":{"rendered":"Nossa miss\u00e3o"},"content":{"rendered":"<p>O Centro Regional para o Fomento do Livro na<br \/>\nAm\u00e9rica Latina e o Caribe, Cerlalc, \u00e9 uma organiza\u00e7\u00e3o intergovernamental, sob<br \/>\nos ausp\u00edcios da UNESCO, que trabalha na cria\u00e7\u00e3o de condi\u00e7\u00f5es para o<br \/>\ndesenvolvimento de sociedades leitoras. Para isso, orienta suas a\u00e7\u00f5es para a<br \/>\nalavancagem da produ\u00e7\u00e3o e circula\u00e7\u00e3o do livro, a promo\u00e7\u00e3o da leitura e<br \/>\nescritura, e o est\u00edmulo e prote\u00e7\u00e3o da cria\u00e7\u00e3o intelectual.<\/p>\n<p>Para cumprir sua miss\u00e3o, o Cerlalc avan\u00e7a e<br \/>\napoia a\u00e7\u00f5es de alcance nacional e regional nas seguintes linhas de a\u00e7\u00e3o:<\/p>\n<p>\u2022 Assist\u00eancia t\u00e9cnica: o Cerlalc oferece<br \/>\nassessoria aos pa\u00edses membros nas \u00e1reas de sua gest\u00e3o. Assim, o Centro apoia de<br \/>\nmaneira direta a elabora\u00e7\u00e3o, a atualiza\u00e7\u00e3o e a avalia\u00e7\u00e3o de pol\u00edticas p\u00fablicas no<br \/>\ncampo da ind\u00fastria editorial, sistemas de bibliotecas, promo\u00e7\u00e3o da leitura e<br \/>\ndireito de autor, bem como a legisla\u00e7\u00e3o nacional nestas \u00e1reas.<\/p>\n<p>\u2022 Pesquisa: o Centro produz conhecimento<br \/>\nespecializado para informar de maneira apropriada sobre o planejamento, o monitoramento<br \/>\ne a execu\u00e7\u00e3o das pol\u00edticas p\u00fablicas dos governos ibero-americanos e, em gral, a<br \/>\ntomada de decis\u00f5es estrat\u00e9gicas por parte de atores governamentais, do setor<br \/>\nprivado e da sociedade civil envolvidos no desenvolvimento de sociedades<br \/>\nleitoras.<\/p>\n<p>\u2022 Forma\u00e7\u00e3o: o Cerlalc apresenta uma oferta de<br \/>\nforma\u00e7\u00e3o presencial e virtual em aspectos espec\u00edficos da ind\u00fastria editorial, a<br \/>\npromo\u00e7\u00e3o da leitura, bibliotecas e o direito de autor. A oferta de forma\u00e7\u00e3o<br \/>\nresponde \u00e0s necessidades dos processos de assist\u00eancia t\u00e9cnica fornecidos aos<br \/>\npa\u00edses membros e aos objetivos ou a\u00e7\u00f5es particulares de projetos especiais.<\/p>\n<p>\u2022 Publica\u00e7\u00f5es: o Cerlalc desenvolve uma<br \/>\natividade editorial que visa dar visibilidade e difus\u00e3o \u00e0s pesquisas produzidas<br \/>\npela equipe do Centro e seus assessores externos, bem como para construir gradualmente<br \/>\num cat\u00e1logo que sirva para apoiar a reflex\u00e3o e o trabalho dos atores da regi\u00e3o<br \/>\ne do mundo.<\/p>\n<p>\u2022 Programas: os programas s\u00e3o a\u00e7\u00f5es permanentes<br \/>\ndo Centro que implicam um trabalho de articula\u00e7\u00e3o de redes entre diversos<br \/>\natores, governamentais e privados, bem como de gest\u00e3o do conhecimento com<br \/>\nobjetivos espec\u00edficos, que se alinham com a miss\u00e3o do Centro e se articulam com<br \/>\nos objetivos de seus programas t\u00e9cnicos.<\/p>\n","protected":false},"excerpt":{"rendered":"<p>O Centro Regional para o Fomento do Livro na Am\u00e9rica Latina e o Caribe, Cerlalc, \u00e9 uma organiza\u00e7\u00e3o intergovernamental, sob os ausp\u00edcios da UNESCO, que trabalha na cria\u00e7\u00e3o de condi\u00e7\u00f5es para o desenvolvimento de sociedades leitoras. Para isso, orienta suas a\u00e7\u00f5es para a alavancagem da produ\u00e7\u00e3o e circula\u00e7\u00e3o do livro, a promo\u00e7\u00e3o da leitura e [&hellip;]<\/p>\n","protected":false},"author":1,"featured_media":0,"parent":8333,"menu_order":0,"comment_status":"open","ping_status":"open","template":"","meta":{"_seopress_robots_primary_cat":""},"areas":[],"countries":[],"programas":[],"coauthors":[1393],"_links":{"self":[{"href":"https:\/\/cerlalc.org\/pt-br\/wp-json\/wp\/v2\/pages\/8312"}],"collection":[{"href":"https:\/\/cerlalc.org\/pt-br\/wp-json\/wp\/v2\/pages"}],"about":[{"href":"https:\/\/cerlalc.org\/pt-br\/wp-json\/wp\/v2\/types\/page"}],"author":[{"embeddable":true,"href":"https:\/\/cerlalc.org\/pt-br\/wp-json\/wp\/v2\/users\/1"}],"replies":[{"embeddable":true,"href":"https:\/\/cerlalc.org\/pt-br\/wp-json\/wp\/v2\/comments?post=8312"}],"version-history":[{"count":0,"href":"https:\/\/cerlalc.org\/pt-br\/wp-json\/wp\/v2\/pages\/8312\/revisions"}],"up":[{"embeddable":true,"href":"https:\/\/cerlalc.org\/pt-br\/wp-json\/wp\/v2\/pages\/8333"}],"wp:attachment":[{"href":"https:\/\/cerlalc.org\/pt-br\/wp-json\/wp\/v2\/media?parent=8312"}],"wp:term":[{"taxonomy":"areas","embeddable":true,"href":"https:\/\/cerlalc.org\/pt-br\/wp-json\/wp\/v2\/areas?post=8312"},{"taxonomy":"countries","embeddable":true,"href":"https:\/\/cerlalc.org\/pt-br\/wp-json\/wp\/v2\/countries?post=8312"},{"taxonomy":"programas","embeddable":true,"href":"https:\/\/cerlalc.org\/pt-br\/wp-json\/wp\/v2\/programas?post=8312"},{"taxonomy":"author","embeddable":true,"href":"https:\/\/cerlalc.org\/pt-br\/wp-json\/wp\/v2\/coauthors?post=8312"}],"curies":[{"name":"wp","href":"https:\/\/api.w.org\/{rel}","templated":true}]}}