{"id":8333,"date":"2019-02-28T00:53:36","date_gmt":"2019-02-28T00:53:36","guid":{"rendered":"https:\/\/cerlalc.org\/o-que-fazemos\/"},"modified":"2022-02-21T14:53:17","modified_gmt":"2022-02-21T14:53:17","slug":"o-que-fazemos","status":"publish","type":"page","link":"https:\/\/cerlalc.org\/pt-br\/o-que-fazemos\/","title":{"rendered":"O que fazemos?"},"content":{"rendered":"<p>El Centro Regional para el Fomento del Libro en Am\u00e9rica Latina y el Caribe, CERLALC, trabaja en la creaci\u00f3n de condiciones para el desarrollo de sociedades lectoras en Iberoam\u00e9rica. Para cumplir su misi\u00f3n, el CERLALC adelanta y apoya acciones locales y regionales en las siguientes l\u00edneas de acci\u00f3n:<\/p>\n<ul>\n<li><span style=\"font-weight: 400;\"> Asesor\u00eda y asistencia t\u00e9cnica<\/span><\/li>\n<li><span style=\"font-weight: 400;\"> Articulaci\u00f3n de actores y creaci\u00f3n de redes<\/span><\/li>\n<li><span style=\"font-weight: 400;\"> Informaci\u00f3n estad\u00edstica<\/span><\/li>\n<li><span style=\"font-weight: 400;\"> Investigaci\u00f3n<\/span><\/li>\n<li><span style=\"font-weight: 400;\"> Formaci\u00f3n<\/span><\/li>\n<li><span style=\"font-weight: 400;\"> Medici\u00f3n<\/span><\/li>\n<li><span style=\"font-weight: 400;\"> Premios, est\u00edmulos y convocatorias<\/span><\/li>\n<li><span style=\"font-weight: 400;\"> Proyectos<\/span><\/li>\n<li><span style=\"font-weight: 400;\"> Publicaciones<\/span><\/li>\n<\/ul>\n<p><a href=\"https:\/\/cerlalc.org\/wp-content\/uploads\/2018\/07\/PT-2018.pdf\"><i class=\"fi-archivo large\"><\/i> Programa t\u00e9cnico<\/a><\/p>\n","protected":false},"excerpt":{"rendered":"<p>El Centro Regional para el Fomento del Libro en Am\u00e9rica Latina y el Caribe, CERLALC, trabaja en la creaci\u00f3n de condiciones para el desarrollo de sociedades lectoras en Iberoam\u00e9rica. Para cumplir su misi\u00f3n, el CERLALC adelanta y apoya acciones locales y regionales en las siguientes l\u00edneas de acci\u00f3n: Asesor\u00eda y asistencia t\u00e9cnica Articulaci\u00f3n de actores [&hellip;]<\/p>\n","protected":false},"author":1,"featured_media":0,"parent":0,"menu_order":0,"comment_status":"open","ping_status":"open","template":"","meta":{"_seopress_robots_primary_cat":""},"areas":[],"countries":[],"programas":[],"coauthors":[1393],"_links":{"self":[{"href":"https:\/\/cerlalc.org\/pt-br\/wp-json\/wp\/v2\/pages\/8333"}],"collection":[{"href":"https:\/\/cerlalc.org\/pt-br\/wp-json\/wp\/v2\/pages"}],"about":[{"href":"https:\/\/cerlalc.org\/pt-br\/wp-json\/wp\/v2\/types\/page"}],"author":[{"embeddable":true,"href":"https:\/\/cerlalc.org\/pt-br\/wp-json\/wp\/v2\/users\/1"}],"replies":[{"embeddable":true,"href":"https:\/\/cerlalc.org\/pt-br\/wp-json\/wp\/v2\/comments?post=8333"}],"version-history":[{"count":0,"href":"https:\/\/cerlalc.org\/pt-br\/wp-json\/wp\/v2\/pages\/8333\/revisions"}],"wp:attachment":[{"href":"https:\/\/cerlalc.org\/pt-br\/wp-json\/wp\/v2\/media?parent=8333"}],"wp:term":[{"taxonomy":"areas","embeddable":true,"href":"https:\/\/cerlalc.org\/pt-br\/wp-json\/wp\/v2\/areas?post=8333"},{"taxonomy":"countries","embeddable":true,"href":"https:\/\/cerlalc.org\/pt-br\/wp-json\/wp\/v2\/countries?post=8333"},{"taxonomy":"programas","embeddable":true,"href":"https:\/\/cerlalc.org\/pt-br\/wp-json\/wp\/v2\/programas?post=8333"},{"taxonomy":"author","embeddable":true,"href":"https:\/\/cerlalc.org\/pt-br\/wp-json\/wp\/v2\/coauthors?post=8333"}],"curies":[{"name":"wp","href":"https:\/\/api.w.org\/{rel}","templated":true}]}}