{"id":8560,"date":"2019-02-28T00:58:29","date_gmt":"2019-02-28T00:58:29","guid":{"rendered":"https:\/\/cerlalc.org\/o-que-fazemos\/programa-tecnico\/"},"modified":"2024-08-21T14:41:34","modified_gmt":"2024-08-21T14:41:34","slug":"programa-tecnico","status":"publish","type":"page","link":"https:\/\/cerlalc.org\/pt-br\/o-que-fazemos\/programa-tecnico\/","title":{"rendered":"Programa t\u00e9cnico"},"content":{"rendered":"\n<h2>Programa T\u00e9cnico 2024-2025<\/h2>\n\n\n\n<p>O novo Programa T\u00e9cnico para o per\u00edodo 2024-2025 apresenta uma a\u00e7\u00e3o estruturada em resposta \u00e0s prioridades e necessidades dos pa\u00edses membros do Centro. Procura contribuir para a concretiza\u00e7\u00e3o dos objetivos da Conven\u00e7\u00e3o de 2005 sobre a Prote\u00e7\u00e3o e Promo\u00e7\u00e3o da Diversidade das Express\u00f5es Culturais, bem como dos Objetivos de Desenvolvimento Sustent\u00e1vel (ODS) da Agenda 2030 da UNESCO.<\/p>\n\n\n\n<p>A estrutura deste novo programa t\u00e9cnico centra-se em dois objetivos estrat\u00e9gicos que conduzem ao cumprimento da nova miss\u00e3o proposta. Cada um destes objetivos estrat\u00e9gicos desagrega-se num n\u00famero limitado de objetivos espec\u00edficos (dez), que detalham as \u00e1reas priorit\u00e1rias de interven\u00e7\u00e3o do Centro.<\/p>\n\n\n\n<p>Esses objetivos espec\u00edficos est\u00e3o vinculados aos resultados esperados (treze) que representam as conquistas que se almejam ao final deste bi\u00eanio, atrav\u00e9s da entrega de produtos (vinte e sete) mensur\u00e1veis com indicadores qualitativos e quantitativos. Esta estrutura propicia uma melhor coopera\u00e7\u00e3o e facilita as sinergias entre os setores em prol de uma maior efic\u00e1cia das atividades do Centro.<\/p>\n\n\n\n<h3><strong>Objetivo estrat\u00e9gico 1<\/strong><\/h3>\n\n\n\n<p>Fomentar setores editoriais din\u00e2micos, diversificados, inclusivos e sustent\u00e1veis, no \u00e2mbito da transforma\u00e7\u00e3o dos m\u00e9todos de produ\u00e7\u00e3o, circula\u00e7\u00e3o de conte\u00fados e pr\u00e1ticas de consumo cultural.<\/p>\n\n\n\n<p><strong>Objetivo espec\u00edfico 1:<\/strong> Fortalecer os planos, estrat\u00e9gias e marcos regulat\u00f3rios para a promo\u00e7\u00e3o dos setores editoriais dos pa\u00edses membros do Cerlalc.<\/p>\n\n\n\n<p><strong>Objetivo espec\u00edfico 2: <\/strong>Contribuir para a sustentabilidade do setor editorial e sua inser\u00e7\u00e3o no ambiente digital, bem como para a qualifica\u00e7\u00e3o das pr\u00e1ticas dos atores envolvidos na produ\u00e7\u00e3o e circula\u00e7\u00e3o do livro<\/p>\n\n\n\n<p><strong>Objetivo espec\u00edfico 3:<\/strong> Contribuir para a visibilidade da oferta editorial dos pa\u00edses do Centro atrav\u00e9s do impulso de boas pr\u00e1ticas na cria\u00e7\u00e3o e gest\u00e3o de metadados bibliogr\u00e1ficos.<\/p>\n\n\n\n<p><strong>Objetivo espec\u00edfico 4:<\/strong> Promover pr\u00e1ticas respons\u00e1veis de produ\u00e7\u00e3o e circula\u00e7\u00e3o de livros que promovam a sustentabilidade ambiental.<\/p>\n\n\n\n<p><strong>Objetivo espec\u00edfico 5:<\/strong> Promover maiores interc\u00e2mbios editoriais Sul-Sul e o reconhecimento da diversidade de express\u00f5es editoriais na regi\u00e3o.<\/p>\n\n\n\n<p><strong>Objetivo espec\u00edfico 6:<\/strong> Promover o debate em torno do marco dos direitos autorais \u00e0 luz das transforma\u00e7\u00f5es nas pr\u00e1ticas de acesso ao conte\u00fado e das tend\u00eancias de produ\u00e7\u00e3o e circula\u00e7\u00e3o.<\/p>\n\n\n\n<h3><strong>Objetivo estrat\u00e9gico 2<\/strong><\/h3>\n\n\n\n<p>Contribuir para o pleno gozo dos direitos educacionais e culturais em condi\u00e7\u00f5es de inclus\u00e3o, equidade, diversidade, interculturalidade e justi\u00e7a, atrav\u00e9s de a\u00e7\u00f5es que ampliem e garantam o acesso democr\u00e1tico \u00e0 informa\u00e7\u00e3o, promovam a constru\u00e7\u00e3o de conhecimentos m\u00faltiplos e a forma\u00e7\u00e3o de pessoas com pensamento cr\u00edtico, que, atrav\u00e9s da leitura, da escrita e das pr\u00e1ticas orais, podem melhorar as suas condi\u00e7\u00f5es de vida, influenciar a transforma\u00e7\u00e3o dos seus ambientes e contribuir para o desenvolvimento sustent\u00e1vel.<\/p>\n\n\n\n<p><strong>Objetivo espec\u00edfico 1:<\/strong> Fortalecer nos pa\u00edses da regi\u00e3o o desenvolvimento de pol\u00edticas p\u00fablicas LEO que garantam os direitos de acesso e promovam a plena participa\u00e7\u00e3o de todas as pessoas, desde a primeira inf\u00e2ncia e ao longo da vida.<\/p>\n\n\n\n<p><strong>Objetivo espec\u00edfico 2:<\/strong> Promover o fortalecimento, a renova\u00e7\u00e3o e a revitaliza\u00e7\u00e3o dos sistemas bibliotec\u00e1rios da regi\u00e3o, reconhecendo as transforma\u00e7\u00f5es nas pr\u00e1ticas LEO, em coer\u00eancia com os contextos bioculturais e garantindo os direitos de acesso, participa\u00e7\u00e3o, inclus\u00e3o e equidade.<\/p>\n\n\n\n<p><strong>Objetivo espec\u00edfico 3:<\/strong> Desenvolver estudos e pesquisas que gerem informa\u00e7\u00f5es, diretrizes e conhecimento especializado na \u00e1rea da LEO e as bibliotecas, em alian\u00e7a com organiza\u00e7\u00f5es, universidades, institutos e especialistas nestes temas.<\/p>\n\n\n\n<p><strong>Objetivo espec\u00edfico 4:<\/strong> Implementar uma oferta formativa relevante e permanente para fortalecer as capacidades dos diferentes atores do ecossistema de leitura, escrita, oral e bibliotec\u00e1rio.<\/p>\n\n\n\n<div class=\"wp-container-1 wp-block-buttons\">\n<div class=\"wp-block-button aligncenter is-style-fill\"><a class=\"wp-block-button__link has-background\" href=\"https:\/\/cerlalc.org\/wp-content\/uploads\/2024\/08\/Cerlalc_PE_PT_DIGITAL_20_08_24.pdf\" style=\"background-color:#9e1e4e\" target=\"_blank\" rel=\"noreferrer noopener\"><strong>Programa T\u00e9cnico 2024-2025<\/strong><\/a><\/div>\n<\/div>\n\n\n\n<p><\/p>\n\n\n\n<h3>Arquivo hist\u00f3rico<\/h3>\n\n\n\n<ul><li><a href=\"https:\/\/cerlalc.org\/wp-content\/uploads\/2023\/01\/PT-2022-2023.pdf\" target=\"_blank\" rel=\"noopener\"><i class=\"fi-archive medium\"><\/i> 2023-2022<\/a><\/li><li><a href=\"https:\/\/cerlalc.org\/wp-content\/uploads\/2023\/01\/PT-2020-2021.pdf\" target=\"_blank\" rel=\"noopener\"><i class=\"fi-archive medium\"><\/i> 2020-2021<\/a><\/li><li><a href=\"https:\/\/cerlalc.org\/wp-content\/uploads\/2018\/07\/PT-2018.pdf\" target=\"_blank\" rel=\"noopener\"><i class=\"fi-archive medium\"><\/i> 2018-2019<\/a><\/li><li><a href=\"https:\/\/cerlalc.org\/wp-content\/uploads\/2018\/07\/PT_2017-Ajustado.pdf\" target=\"_blank\" rel=\"noopener\"><i class=\"fi-archive medium\"><\/i> 2017<\/a><\/li><li><a href=\"https:\/\/cerlalc.org\/wp-content\/uploads\/2018\/07\/PT-2016-2017.pdf\" target=\"_blank\" rel=\"noopener\"><i class=\"fi-archive medium\"><\/i> 2016-2017 Un centro para el libro y la lectura en tiempos de cambio<\/a><\/li><li><a href=\"https:\/\/cerlalc.org\/wp-content\/uploads\/2018\/07\/PT-2014-2015.pdf\" target=\"_blank\" rel=\"noopener\"><i class=\"fi-archive medium\"><\/i> 2014-2015<\/a><\/li><li><a href=\"https:\/\/cerlalc.org\/wp-content\/uploads\/2018\/07\/PT-2012-2013.pdf\" target=\"_blank\" rel=\"noopener\"><i class=\"fi-archive medium\"><\/i> 2012-2013<\/a><\/li><li><a href=\"https:\/\/cerlalc.org\/wp-content\/uploads\/2018\/07\/PT-2010-2011.pdf\" target=\"_blank\" rel=\"noopener\"><i class=\"fi-archive medium\"><\/i> 2010-2011<\/a><\/li><li><a href=\"https:\/\/cerlalc.org\/wp-content\/uploads\/2018\/07\/PT-2009.pdf\" target=\"_blank\" rel=\"noopener\"><i class=\"fi-archive medium\"><\/i> 2009<\/a><\/li><li><a href=\"https:\/\/cerlalc.org\/wp-content\/uploads\/2018\/07\/PT-2008.pdf\" target=\"_blank\" rel=\"noopener\"><i class=\"fi-archive medium\"><\/i> 2008<\/a><\/li><li><a href=\"https:\/\/cerlalc.org\/wp-content\/uploads\/2018\/07\/PT-2007.pdf\" target=\"_blank\" rel=\"noopener\"><i class=\"fi-archive medium\"><\/i> 2007<\/a><\/li><li><a href=\"https:\/\/cerlalc.org\/wp-content\/uploads\/2018\/07\/PT-2006.pdf\" target=\"_blank\" rel=\"noopener\"><i class=\"fi-archive medium\"><\/i> 2006<\/a><\/li><li><a href=\"https:\/\/cerlalc.org\/wp-content\/uploads\/2018\/07\/PT-2005.pdf\" target=\"_blank\" rel=\"noopener\"><i class=\"fi-archive medium\"><\/i> 2005<\/a><\/li><li><a href=\"https:\/\/cerlalc.org\/wp-content\/uploads\/2018\/07\/PT-2004.pdf\" target=\"_blank\" rel=\"noopener\"><i class=\"fi-archive medium\"><\/i> 2004<\/a><\/li><li><a href=\"https:\/\/cerlalc.org\/wp-content\/uploads\/2018\/07\/PT-2003.pdf\" target=\"_blank\" rel=\"noopener\"><i class=\"fi-archive medium\"><\/i> 2003<\/a><\/li><\/ul>\n","protected":false},"excerpt":{"rendered":"<p>Programa T\u00e9cnico 2024-2025 O novo Programa T\u00e9cnico para o per\u00edodo 2024-2025 apresenta uma a\u00e7\u00e3o estruturada em resposta \u00e0s prioridades e necessidades dos pa\u00edses membros do Centro. Procura contribuir para a concretiza\u00e7\u00e3o dos objetivos da Conven\u00e7\u00e3o de 2005 sobre a Prote\u00e7\u00e3o e Promo\u00e7\u00e3o da Diversidade das Express\u00f5es Culturais, bem como dos Objetivos de Desenvolvimento Sustent\u00e1vel (ODS) [&hellip;]<\/p>\n","protected":false},"author":1,"featured_media":0,"parent":8333,"menu_order":0,"comment_status":"open","ping_status":"open","template":"","meta":{"_seopress_robots_primary_cat":""},"areas":[],"countries":[],"programas":[],"coauthors":[1393],"_links":{"self":[{"href":"https:\/\/cerlalc.org\/pt-br\/wp-json\/wp\/v2\/pages\/8560"}],"collection":[{"href":"https:\/\/cerlalc.org\/pt-br\/wp-json\/wp\/v2\/pages"}],"about":[{"href":"https:\/\/cerlalc.org\/pt-br\/wp-json\/wp\/v2\/types\/page"}],"author":[{"embeddable":true,"href":"https:\/\/cerlalc.org\/pt-br\/wp-json\/wp\/v2\/users\/1"}],"replies":[{"embeddable":true,"href":"https:\/\/cerlalc.org\/pt-br\/wp-json\/wp\/v2\/comments?post=8560"}],"version-history":[{"count":0,"href":"https:\/\/cerlalc.org\/pt-br\/wp-json\/wp\/v2\/pages\/8560\/revisions"}],"up":[{"embeddable":true,"href":"https:\/\/cerlalc.org\/pt-br\/wp-json\/wp\/v2\/pages\/8333"}],"wp:attachment":[{"href":"https:\/\/cerlalc.org\/pt-br\/wp-json\/wp\/v2\/media?parent=8560"}],"wp:term":[{"taxonomy":"areas","embeddable":true,"href":"https:\/\/cerlalc.org\/pt-br\/wp-json\/wp\/v2\/areas?post=8560"},{"taxonomy":"countries","embeddable":true,"href":"https:\/\/cerlalc.org\/pt-br\/wp-json\/wp\/v2\/countries?post=8560"},{"taxonomy":"programas","embeddable":true,"href":"https:\/\/cerlalc.org\/pt-br\/wp-json\/wp\/v2\/programas?post=8560"},{"taxonomy":"author","embeddable":true,"href":"https:\/\/cerlalc.org\/pt-br\/wp-json\/wp\/v2\/coauthors?post=8560"}],"curies":[{"name":"wp","href":"https:\/\/api.w.org\/{rel}","templated":true}]}}