{"id":8581,"date":"2019-02-28T00:58:53","date_gmt":"2019-02-28T00:58:53","guid":{"rendered":"https:\/\/cerlalc.org\/observatorio-ibero-americano-de-cultura-e-educacao-para-a-primeira-infancia\/"},"modified":"2019-03-28T11:52:31","modified_gmt":"2019-03-28T11:52:31","slug":"observatorio-ibero-americano-de-cultura-e-educacao-para-a-primeira-infancia","status":"publish","type":"page","link":"https:\/\/cerlalc.org\/pt-br\/observatorio-ibero-americano-de-cultura-e-educacao-para-a-primeira-infancia\/","title":{"rendered":"Observat\u00f3rio Ibero-americano de Cultura e Educa\u00e7\u00e3o para a Primeira Inf\u00e2ncia"},"content":{"rendered":"<p>O<br \/>\nObservat\u00f3rio Ibero-americano de Cultura e Educa\u00e7\u00e3o para a Primeira Inf\u00e2ncia<br \/>\n\u2014OPI\u2014 &nbsp;\u00e9 um sistema de informa\u00e7\u00e3o sobre a primeira inf\u00e2ncia que busca<br \/>\ncontribuir para a cria\u00e7\u00e3o, difus\u00e3o e execu\u00e7\u00e3o de pol\u00edticas p\u00fablicas e<br \/>\niniciativas educativas, art\u00edsticas, culturais e de promo\u00e7\u00e3o de leitura para as<br \/>\ncrian\u00e7as entre 0 e 6 anos de idade na regi\u00e3o atrav\u00e9s da difus\u00e3o de informa\u00e7\u00e3o,<br \/>\na promo\u00e7\u00e3o de boas pr\u00e1ticas e a gera\u00e7\u00e3o de espa\u00e7os para a troca de conhecimentos<br \/>\nsobre a cultura e a leitura na primeira inf\u00e2ncia.<\/p>\n","protected":false},"excerpt":{"rendered":"<p>O Observat\u00f3rio Ibero-americano de Cultura e Educa\u00e7\u00e3o para a Primeira Inf\u00e2ncia \u2014OPI\u2014 &nbsp;\u00e9 um sistema de informa\u00e7\u00e3o sobre a primeira inf\u00e2ncia que busca contribuir para a cria\u00e7\u00e3o, difus\u00e3o e execu\u00e7\u00e3o de pol\u00edticas p\u00fablicas e iniciativas educativas, art\u00edsticas, culturais e de promo\u00e7\u00e3o de leitura para as crian\u00e7as entre 0 e 6 anos de idade na regi\u00e3o [&hellip;]<\/p>\n","protected":false},"author":1,"featured_media":0,"parent":0,"menu_order":0,"comment_status":"open","ping_status":"open","template":"opi.php","meta":{"_seopress_robots_primary_cat":""},"areas":[],"countries":[],"programas":[],"coauthors":[1393],"_links":{"self":[{"href":"https:\/\/cerlalc.org\/pt-br\/wp-json\/wp\/v2\/pages\/8581"}],"collection":[{"href":"https:\/\/cerlalc.org\/pt-br\/wp-json\/wp\/v2\/pages"}],"about":[{"href":"https:\/\/cerlalc.org\/pt-br\/wp-json\/wp\/v2\/types\/page"}],"author":[{"embeddable":true,"href":"https:\/\/cerlalc.org\/pt-br\/wp-json\/wp\/v2\/users\/1"}],"replies":[{"embeddable":true,"href":"https:\/\/cerlalc.org\/pt-br\/wp-json\/wp\/v2\/comments?post=8581"}],"version-history":[{"count":0,"href":"https:\/\/cerlalc.org\/pt-br\/wp-json\/wp\/v2\/pages\/8581\/revisions"}],"wp:attachment":[{"href":"https:\/\/cerlalc.org\/pt-br\/wp-json\/wp\/v2\/media?parent=8581"}],"wp:term":[{"taxonomy":"areas","embeddable":true,"href":"https:\/\/cerlalc.org\/pt-br\/wp-json\/wp\/v2\/areas?post=8581"},{"taxonomy":"countries","embeddable":true,"href":"https:\/\/cerlalc.org\/pt-br\/wp-json\/wp\/v2\/countries?post=8581"},{"taxonomy":"programas","embeddable":true,"href":"https:\/\/cerlalc.org\/pt-br\/wp-json\/wp\/v2\/programas?post=8581"},{"taxonomy":"author","embeddable":true,"href":"https:\/\/cerlalc.org\/pt-br\/wp-json\/wp\/v2\/coauthors?post=8581"}],"curies":[{"name":"wp","href":"https:\/\/api.w.org\/{rel}","templated":true}]}}