{"id":8794,"date":"2019-02-28T01:03:51","date_gmt":"2019-02-28T01:03:51","guid":{"rendered":"https:\/\/cerlalc.org\/ineli\/"},"modified":"2019-03-28T12:11:24","modified_gmt":"2019-03-28T12:11:24","slug":"ineli","status":"publish","type":"page","link":"https:\/\/cerlalc.org\/pt-br\/ineli\/","title":{"rendered":"INELI"},"content":{"rendered":"<p>Criado pela<br \/>\nFunda\u00e7\u00e3o Gates e realizado em v\u00e1rias regi\u00f5es do mundo, o programa International<br \/>\nNetwork of Emerging Library Innovators \u2014Ineli\u2014 foi implementado na Am\u00e9rica<br \/>\nIb\u00e9rica pelo Cerlalc em parceria com a Funda\u00e7\u00e3o Germ\u00e1n S\u00e1nchez Ruip\u00e9rez. Este<br \/>\nprograma de forma\u00e7\u00e3o virtual em gest\u00e3o, lideran\u00e7a e inova\u00e7\u00e3o para bibliotec\u00e1rios<br \/>\np\u00fablicos oferece ferramentas para o desenvolvimento de iniciativas que contribuem<br \/>\npara o fortalecimento do tecido social e cria uma rede de interc\u00e2mbio de<br \/>\nexperi\u00eancias e trabalho colaborativo entre bibliotec\u00e1rios.<\/p>\n","protected":false},"excerpt":{"rendered":"<p>Criado pela Funda\u00e7\u00e3o Gates e realizado em v\u00e1rias regi\u00f5es do mundo, o programa International Network of Emerging Library Innovators \u2014Ineli\u2014 foi implementado na Am\u00e9rica Ib\u00e9rica pelo Cerlalc em parceria com a Funda\u00e7\u00e3o Germ\u00e1n S\u00e1nchez Ruip\u00e9rez. Este programa de forma\u00e7\u00e3o virtual em gest\u00e3o, lideran\u00e7a e inova\u00e7\u00e3o para bibliotec\u00e1rios p\u00fablicos oferece ferramentas para o desenvolvimento de iniciativas [&hellip;]<\/p>\n","protected":false},"author":1,"featured_media":3854,"parent":0,"menu_order":0,"comment_status":"open","ping_status":"open","template":"ineli.php","meta":{"_seopress_robots_primary_cat":""},"areas":[],"countries":[],"programas":[],"coauthors":[1393],"_links":{"self":[{"href":"https:\/\/cerlalc.org\/pt-br\/wp-json\/wp\/v2\/pages\/8794"}],"collection":[{"href":"https:\/\/cerlalc.org\/pt-br\/wp-json\/wp\/v2\/pages"}],"about":[{"href":"https:\/\/cerlalc.org\/pt-br\/wp-json\/wp\/v2\/types\/page"}],"author":[{"embeddable":true,"href":"https:\/\/cerlalc.org\/pt-br\/wp-json\/wp\/v2\/users\/1"}],"replies":[{"embeddable":true,"href":"https:\/\/cerlalc.org\/pt-br\/wp-json\/wp\/v2\/comments?post=8794"}],"version-history":[{"count":0,"href":"https:\/\/cerlalc.org\/pt-br\/wp-json\/wp\/v2\/pages\/8794\/revisions"}],"wp:featuredmedia":[{"embeddable":true,"href":"https:\/\/cerlalc.org\/pt-br\/wp-json\/wp\/v2\/media\/3854"}],"wp:attachment":[{"href":"https:\/\/cerlalc.org\/pt-br\/wp-json\/wp\/v2\/media?parent=8794"}],"wp:term":[{"taxonomy":"areas","embeddable":true,"href":"https:\/\/cerlalc.org\/pt-br\/wp-json\/wp\/v2\/areas?post=8794"},{"taxonomy":"countries","embeddable":true,"href":"https:\/\/cerlalc.org\/pt-br\/wp-json\/wp\/v2\/countries?post=8794"},{"taxonomy":"programas","embeddable":true,"href":"https:\/\/cerlalc.org\/pt-br\/wp-json\/wp\/v2\/programas?post=8794"},{"taxonomy":"author","embeddable":true,"href":"https:\/\/cerlalc.org\/pt-br\/wp-json\/wp\/v2\/coauthors?post=8794"}],"curies":[{"name":"wp","href":"https:\/\/api.w.org\/{rel}","templated":true}]}}