{"id":8895,"date":"2019-02-28T01:12:34","date_gmt":"2019-02-28T01:12:34","guid":{"rendered":"https:\/\/cerlalc.org\/redplanes\/"},"modified":"2019-02-28T01:12:34","modified_gmt":"2019-02-28T01:12:34","slug":"redplanes","status":"publish","type":"page","link":"https:\/\/cerlalc.org\/pt-br\/redplanes\/","title":{"rendered":"Redplanes"},"content":{"rendered":"<h2>Rede Ibero-americana de Respons\u00e1veis por Pol\u00edticas e Planos de Leitura<\/h2>\n<p>Redplanes \u00e9 uma rede conformada pelos respons\u00e1veis pela elabora\u00e7\u00e3o e a execu\u00e7\u00e3o de pol\u00edticas e planos nacionais de leitura dos pa\u00edses membros do Cerlalc. Foi criada para fortalecer os esfor\u00e7os de cada pa\u00eds para posicionar a leitura como uma pol\u00edtica de Estado, por fomentar o desenvolvimento e a sustentabilidade de pol\u00edticas e planos de leitura na Am\u00e9rica Ib\u00e9rica, facilitar o encontro e trocas de conhecimentos e experi\u00eancias, compartilhar boas pr\u00e1ticas e promover a integra\u00e7\u00e3o regional em torno da quest\u00e3o.<\/p>\n","protected":false},"excerpt":{"rendered":"<p>Rede Ibero-americana de Respons\u00e1veis por Pol\u00edticas e Planos de Leitura Redplanes \u00e9 uma rede conformada pelos respons\u00e1veis pela elabora\u00e7\u00e3o e a execu\u00e7\u00e3o de pol\u00edticas e planos nacionais de leitura dos pa\u00edses membros do Cerlalc. Foi criada para fortalecer os esfor\u00e7os de cada pa\u00eds para posicionar a leitura como uma pol\u00edtica de Estado, por fomentar o [&hellip;]<\/p>\n","protected":false},"author":1,"featured_media":0,"parent":0,"menu_order":0,"comment_status":"open","ping_status":"open","template":"redplanes.php","meta":{"_seopress_robots_primary_cat":""},"areas":[],"countries":[],"programas":[],"coauthors":[1393],"_links":{"self":[{"href":"https:\/\/cerlalc.org\/pt-br\/wp-json\/wp\/v2\/pages\/8895"}],"collection":[{"href":"https:\/\/cerlalc.org\/pt-br\/wp-json\/wp\/v2\/pages"}],"about":[{"href":"https:\/\/cerlalc.org\/pt-br\/wp-json\/wp\/v2\/types\/page"}],"author":[{"embeddable":true,"href":"https:\/\/cerlalc.org\/pt-br\/wp-json\/wp\/v2\/users\/1"}],"replies":[{"embeddable":true,"href":"https:\/\/cerlalc.org\/pt-br\/wp-json\/wp\/v2\/comments?post=8895"}],"version-history":[{"count":0,"href":"https:\/\/cerlalc.org\/pt-br\/wp-json\/wp\/v2\/pages\/8895\/revisions"}],"wp:attachment":[{"href":"https:\/\/cerlalc.org\/pt-br\/wp-json\/wp\/v2\/media?parent=8895"}],"wp:term":[{"taxonomy":"areas","embeddable":true,"href":"https:\/\/cerlalc.org\/pt-br\/wp-json\/wp\/v2\/areas?post=8895"},{"taxonomy":"countries","embeddable":true,"href":"https:\/\/cerlalc.org\/pt-br\/wp-json\/wp\/v2\/countries?post=8895"},{"taxonomy":"programas","embeddable":true,"href":"https:\/\/cerlalc.org\/pt-br\/wp-json\/wp\/v2\/programas?post=8895"},{"taxonomy":"author","embeddable":true,"href":"https:\/\/cerlalc.org\/pt-br\/wp-json\/wp\/v2\/coauthors?post=8895"}],"curies":[{"name":"wp","href":"https:\/\/api.w.org\/{rel}","templated":true}]}}